{"id":8041,"date":"2022-11-29T11:16:42","date_gmt":"2022-11-29T10:16:42","guid":{"rendered":"https:\/\/panini.gbsweb.online\/partnerplus\/"},"modified":"2022-12-14T09:30:14","modified_gmt":"2022-12-14T08:30:14","slug":"partnerplus","status":"publish","type":"page","link":"https:\/\/www.panini.com\/es\/partnerplus\/","title":{"rendered":"PartnerPlus"},"content":{"rendered":"<p><img loading=\"lazy\" decoding=\"async\" class=\"size-medium wp-image-8021\" src=\"https:\/\/www.panini.com\/wp-content\/uploads\/2022\/11\/PartnerPlus-logo-300x80.png\" alt=\"p+logo\" width=\"300\" height=\"80\" srcset=\"https:\/\/www.panini.com\/wp-content\/uploads\/2022\/11\/PartnerPlus-logo-300x80.png 300w, https:\/\/www.panini.com\/wp-content\/uploads\/2022\/11\/PartnerPlus-logo-1024x272.png 1024w, https:\/\/www.panini.com\/wp-content\/uploads\/2022\/11\/PartnerPlus-logo-768x204.png 768w, https:\/\/www.panini.com\/wp-content\/uploads\/2022\/11\/PartnerPlus-logo-1536x408.png 1536w, https:\/\/www.panini.com\/wp-content\/uploads\/2022\/11\/PartnerPlus-logo-2048x545.png 2048w\" sizes=\"(max-width: 300px) 100vw, 300px\" \/><\/p>\n<p>&nbsp;<\/p>\n<h3>Estimados socios de PartnerPlus, les rogamos que nos tengan paciencia.<\/h3>\n<p>En el proceso de renovaci\u00f3n de nuestro sitio web p\u00fablico <strong>panini.com<\/strong>, hemos elegido un nuevo proveedor de alojamiento, por lo que actualmente nos encontramos en proceso de reposicionamiento de nuestra \u00e1rea reservada, operaci\u00f3n que llevar\u00e1 un poco de tiempo.<\/p>\n<p>Si desea ponerse en contacto con nosotros, utilice <a href=\"https:\/\/www.panini.com\/es\/general-inquiry\/\">este formulario<\/a>.<\/p>\n","protected":false},"excerpt":{"rendered":"<p>&nbsp; Estimados socios de PartnerPlus, les rogamos que nos tengan paciencia. En el proceso de renovaci\u00f3n de nuestro sitio web p\u00fablico panini.com, hemos elegido un nuevo proveedor de alojamiento, por lo que actualmente nos encontramos en proceso de reposicionamiento de nuestra \u00e1rea reservada, operaci\u00f3n que llevar\u00e1 un poco de tiempo. Si desea ponerse en contacto [&hellip;]<\/p>\n","protected":false},"author":2,"featured_media":0,"parent":0,"menu_order":0,"comment_status":"closed","ping_status":"closed","template":"","meta":{"_acf_changed":false,"inline_featured_image":false,"footnotes":""},"acf":[],"yoast_head":"<!-- This site is optimized with the Yoast SEO plugin v22.7 - https:\/\/yoast.com\/wordpress\/plugins\/seo\/ -->\n<title>PartnerPlus - Panini<\/title>\n<meta name=\"robots\" content=\"index, follow, max-snippet:-1, max-image-preview:large, max-video-preview:-1\" \/>\n<link rel=\"canonical\" href=\"https:\/\/www.panini.com\/es\/partnerplus\/\" \/>\n<meta property=\"og:locale\" content=\"es_ES\" \/>\n<meta property=\"og:type\" content=\"article\" \/>\n<meta property=\"og:title\" content=\"PartnerPlus - Panini\" \/>\n<meta property=\"og:description\" content=\"&nbsp; Estimados socios de PartnerPlus, les rogamos que nos tengan paciencia. En el proceso de renovaci\u00f3n de nuestro sitio web p\u00fablico panini.com, hemos elegido un nuevo proveedor de alojamiento, por lo que actualmente nos encontramos en proceso de reposicionamiento de nuestra \u00e1rea reservada, operaci\u00f3n que llevar\u00e1 un poco de tiempo. Si desea ponerse en contacto [&hellip;]\" \/>\n<meta property=\"og:url\" content=\"https:\/\/www.panini.com\/es\/partnerplus\/\" \/>\n<meta property=\"og:site_name\" content=\"Panini\" \/>\n<meta property=\"article:modified_time\" content=\"2022-12-14T08:30:14+00:00\" \/>\n<meta property=\"og:image\" content=\"https:\/\/www.panini.com\/wp-content\/uploads\/2022\/11\/PartnerPlus-logo-300x80.png\" \/>\n<meta name=\"twitter:card\" content=\"summary_large_image\" \/>\n<meta name=\"twitter:label1\" content=\"Tiempo de lectura\" \/>\n\t<meta name=\"twitter:data1\" content=\"1 minuto\" \/>\n<script type=\"application\/ld+json\" class=\"yoast-schema-graph\">{\"@context\":\"https:\/\/schema.org\",\"@graph\":[{\"@type\":\"WebPage\",\"@id\":\"https:\/\/www.panini.com\/es\/partnerplus\/\",\"url\":\"https:\/\/www.panini.com\/es\/partnerplus\/\",\"name\":\"PartnerPlus - Panini\",\"isPartOf\":{\"@id\":\"https:\/\/www.panini.com\/es\/#website\"},\"primaryImageOfPage\":{\"@id\":\"https:\/\/www.panini.com\/es\/partnerplus\/#primaryimage\"},\"image\":{\"@id\":\"https:\/\/www.panini.com\/es\/partnerplus\/#primaryimage\"},\"thumbnailUrl\":\"https:\/\/www.panini.com\/wp-content\/uploads\/2022\/11\/PartnerPlus-logo-300x80.png\",\"datePublished\":\"2022-11-29T10:16:42+00:00\",\"dateModified\":\"2022-12-14T08:30:14+00:00\",\"breadcrumb\":{\"@id\":\"https:\/\/www.panini.com\/es\/partnerplus\/#breadcrumb\"},\"inLanguage\":\"es\",\"potentialAction\":[{\"@type\":\"ReadAction\",\"target\":[\"https:\/\/www.panini.com\/es\/partnerplus\/\"]}]},{\"@type\":\"ImageObject\",\"inLanguage\":\"es\",\"@id\":\"https:\/\/www.panini.com\/es\/partnerplus\/#primaryimage\",\"url\":\"https:\/\/www.panini.com\/wp-content\/uploads\/2022\/11\/PartnerPlus-logo-300x80.png\",\"contentUrl\":\"https:\/\/www.panini.com\/wp-content\/uploads\/2022\/11\/PartnerPlus-logo-300x80.png\"},{\"@type\":\"BreadcrumbList\",\"@id\":\"https:\/\/www.panini.com\/es\/partnerplus\/#breadcrumb\",\"itemListElement\":[{\"@type\":\"ListItem\",\"position\":1,\"name\":\"Home\",\"item\":\"https:\/\/www.panini.com\/es\/\"},{\"@type\":\"ListItem\",\"position\":2,\"name\":\"PartnerPlus\"}]},{\"@type\":\"WebSite\",\"@id\":\"https:\/\/www.panini.com\/es\/#website\",\"url\":\"https:\/\/www.panini.com\/es\/\",\"name\":\"Panini\",\"description\":\"Scanner per Assegni &amp; Deposito da Remoto (RDC) | Panini\",\"publisher\":{\"@id\":\"https:\/\/www.panini.com\/es\/#organization\"},\"potentialAction\":[{\"@type\":\"SearchAction\",\"target\":{\"@type\":\"EntryPoint\",\"urlTemplate\":\"https:\/\/www.panini.com\/es\/?s={search_term_string}\"},\"query-input\":\"required name=search_term_string\"}],\"inLanguage\":\"es\"},{\"@type\":\"Organization\",\"@id\":\"https:\/\/www.panini.com\/es\/#organization\",\"name\":\"PANINI S.p.A.\",\"alternateName\":\"PANINI S.p.A.\",\"url\":\"https:\/\/www.panini.com\/es\/\",\"logo\":{\"@type\":\"ImageObject\",\"inLanguage\":\"es\",\"@id\":\"https:\/\/www.panini.com\/es\/#\/schema\/logo\/image\/\",\"url\":\"https:\/\/www.panini.com\/wp-content\/uploads\/2022\/09\/paninilogo1.jpeg\",\"contentUrl\":\"https:\/\/www.panini.com\/wp-content\/uploads\/2022\/09\/paninilogo1.jpeg\",\"width\":480,\"height\":106,\"caption\":\"PANINI S.p.A.\"},\"image\":{\"@id\":\"https:\/\/www.panini.com\/es\/#\/schema\/logo\/image\/\"}}]}<\/script>\n<!-- \/ Yoast SEO plugin. -->","yoast_head_json":{"title":"PartnerPlus - Panini","robots":{"index":"index","follow":"follow","max-snippet":"max-snippet:-1","max-image-preview":"max-image-preview:large","max-video-preview":"max-video-preview:-1"},"canonical":"https:\/\/www.panini.com\/es\/partnerplus\/","og_locale":"es_ES","og_type":"article","og_title":"PartnerPlus - Panini","og_description":"&nbsp; Estimados socios de PartnerPlus, les rogamos que nos tengan paciencia. En el proceso de renovaci\u00f3n de nuestro sitio web p\u00fablico panini.com, hemos elegido un nuevo proveedor de alojamiento, por lo que actualmente nos encontramos en proceso de reposicionamiento de nuestra \u00e1rea reservada, operaci\u00f3n que llevar\u00e1 un poco de tiempo. Si desea ponerse en contacto [&hellip;]","og_url":"https:\/\/www.panini.com\/es\/partnerplus\/","og_site_name":"Panini","article_modified_time":"2022-12-14T08:30:14+00:00","og_image":[{"url":"https:\/\/www.panini.com\/wp-content\/uploads\/2022\/11\/PartnerPlus-logo-300x80.png"}],"twitter_card":"summary_large_image","twitter_misc":{"Tiempo de lectura":"1 minuto"},"schema":{"@context":"https:\/\/schema.org","@graph":[{"@type":"WebPage","@id":"https:\/\/www.panini.com\/es\/partnerplus\/","url":"https:\/\/www.panini.com\/es\/partnerplus\/","name":"PartnerPlus - Panini","isPartOf":{"@id":"https:\/\/www.panini.com\/es\/#website"},"primaryImageOfPage":{"@id":"https:\/\/www.panini.com\/es\/partnerplus\/#primaryimage"},"image":{"@id":"https:\/\/www.panini.com\/es\/partnerplus\/#primaryimage"},"thumbnailUrl":"https:\/\/www.panini.com\/wp-content\/uploads\/2022\/11\/PartnerPlus-logo-300x80.png","datePublished":"2022-11-29T10:16:42+00:00","dateModified":"2022-12-14T08:30:14+00:00","breadcrumb":{"@id":"https:\/\/www.panini.com\/es\/partnerplus\/#breadcrumb"},"inLanguage":"es","potentialAction":[{"@type":"ReadAction","target":["https:\/\/www.panini.com\/es\/partnerplus\/"]}]},{"@type":"ImageObject","inLanguage":"es","@id":"https:\/\/www.panini.com\/es\/partnerplus\/#primaryimage","url":"https:\/\/www.panini.com\/wp-content\/uploads\/2022\/11\/PartnerPlus-logo-300x80.png","contentUrl":"https:\/\/www.panini.com\/wp-content\/uploads\/2022\/11\/PartnerPlus-logo-300x80.png"},{"@type":"BreadcrumbList","@id":"https:\/\/www.panini.com\/es\/partnerplus\/#breadcrumb","itemListElement":[{"@type":"ListItem","position":1,"name":"Home","item":"https:\/\/www.panini.com\/es\/"},{"@type":"ListItem","position":2,"name":"PartnerPlus"}]},{"@type":"WebSite","@id":"https:\/\/www.panini.com\/es\/#website","url":"https:\/\/www.panini.com\/es\/","name":"Panini","description":"Scanner per Assegni &amp; Deposito da Remoto (RDC) | Panini","publisher":{"@id":"https:\/\/www.panini.com\/es\/#organization"},"potentialAction":[{"@type":"SearchAction","target":{"@type":"EntryPoint","urlTemplate":"https:\/\/www.panini.com\/es\/?s={search_term_string}"},"query-input":"required name=search_term_string"}],"inLanguage":"es"},{"@type":"Organization","@id":"https:\/\/www.panini.com\/es\/#organization","name":"PANINI S.p.A.","alternateName":"PANINI S.p.A.","url":"https:\/\/www.panini.com\/es\/","logo":{"@type":"ImageObject","inLanguage":"es","@id":"https:\/\/www.panini.com\/es\/#\/schema\/logo\/image\/","url":"https:\/\/www.panini.com\/wp-content\/uploads\/2022\/09\/paninilogo1.jpeg","contentUrl":"https:\/\/www.panini.com\/wp-content\/uploads\/2022\/09\/paninilogo1.jpeg","width":480,"height":106,"caption":"PANINI S.p.A."},"image":{"@id":"https:\/\/www.panini.com\/es\/#\/schema\/logo\/image\/"}}]}},"_links":{"self":[{"href":"https:\/\/www.panini.com\/es\/wp-json\/wp\/v2\/pages\/8041"}],"collection":[{"href":"https:\/\/www.panini.com\/es\/wp-json\/wp\/v2\/pages"}],"about":[{"href":"https:\/\/www.panini.com\/es\/wp-json\/wp\/v2\/types\/page"}],"author":[{"embeddable":true,"href":"https:\/\/www.panini.com\/es\/wp-json\/wp\/v2\/users\/2"}],"replies":[{"embeddable":true,"href":"https:\/\/www.panini.com\/es\/wp-json\/wp\/v2\/comments?post=8041"}],"version-history":[{"count":5,"href":"https:\/\/www.panini.com\/es\/wp-json\/wp\/v2\/pages\/8041\/revisions"}],"predecessor-version":[{"id":8299,"href":"https:\/\/www.panini.com\/es\/wp-json\/wp\/v2\/pages\/8041\/revisions\/8299"}],"wp:attachment":[{"href":"https:\/\/www.panini.com\/es\/wp-json\/wp\/v2\/media?parent=8041"}],"curies":[{"name":"wp","href":"https:\/\/api.w.org\/{rel}","templated":true}]}}